{"id":14,"date":"2013-01-11T12:46:28","date_gmt":"2013-01-11T11:46:28","guid":{"rendered":"http:\/\/blogs.diariovasco.com\/hijo-toqueyo-mama\/?page_id=14"},"modified":"2013-01-11T12:46:28","modified_gmt":"2013-01-11T11:46:28","slug":"sobre-mi","status":"publish","type":"page","link":"https:\/\/blogs.diariovasco.com\/hijo-toqueyo-mama\/sobre-mi\/","title":{"rendered":"Sobre m\u00ed"},"content":{"rendered":"<p><img loading=\"lazy\" class=\"alignright\" style=\"margin: 8px; border: 1px solid black;\" title=\"Ainhoa Iglesias L\u00f3pez\" src=\"\/\/sphotos-c.ak.fbcdn.net\/hphotos-ak-ash3\/29335_100684609984061_2429677_n.jpg\" alt=\"Ainhoa Iglesias L\u00f3pez\" width=\"311\" height=\"234\" \/>Me llamo Ainhoa, soy periodista, esposa, mam\u00e1, socia de la Real Sociedad y si est\u00e1s leyendo esto, es que por f\u00edn me he animado a pasar un blog del estado \u2018borrador\u2019 a \u2018publicado\u2019 y puedo a\u00f1adir a esta ristra la palabra \u2018bloguera\u2019. Acostumbro a escribir a diario aunque nunca sobre m\u00ed, \u00a1me causa un pudor terrible! As\u00ed que entrelazadas con mis propias experiencias contar\u00e9 en primera persona las de compa\u00f1eras, amigas, o se\u00f1oras que se cuentan cosas \u00edntimas en el autob\u00fas a voz en grito pensando que no las escucha nadie.<\/p>\n<p>Sobre mi actitud ante la vida, dicen que un pesimista es un optimista con experiencia. Supongo que yo a\u00fan soy joven y no he vivido lo suficiente. Me declaro fan de tirarme con mi hijo por los suelos en el parque, de bailar en la m\u00e1quina de caf\u00e9, de disfrazarme sin motivo, de saltar en la cama -al ritmo de \u2018It\u2019s my life\u2019 de Jon Bon Jovi, por supuesto- y de venerar lo absurdo por encima de todas las cosas. \u00a1Qu\u00e9 le vamos a hacer, mam\u00e1! No soy la \u2018se\u00f1orita\u2019 que quer\u00edas, sino una d\u00edscola <a title=\"Mujer despeinada\" href=\"http:\/\/www.pensamientospositivos.biz\/postales\/mafalda-despeinada.html\" target=\"_blank\" rel=\"external nofollow\">mujer despeinada<\/a>.<\/p>\n<p>Por lo dem\u00e1s&#8230;<\/p>\n<p><strong>Me gusta: <\/strong>Leer, tirarme en el sof\u00e1 con mi marido, tomar la leche condensada directamente del bote y la noche de San Juan.<strong><\/strong><\/p>\n<p><strong>La mayor estupidez que he escuchado:<\/strong> Que los ni\u00f1os y los borrachos siempre dicen la verdad. \u00a1Anda que no me habr\u00e9 inventado yo historias con una copita encima!<strong><\/strong><\/p>\n<p><strong>El placer al que no puedo renunciar, aunque est\u00e9 en p\u00fablico:<\/strong> \u2018Mojar\u2019 en el caf\u00e9: las galletas, el pan, la tortilla de patatas, el boli&#8230;<strong><\/strong><\/p>\n<p><strong>Desconf\u00edo:<\/strong> De las personas que aseguran que su mayor defecto es ser \u00abdemasiado buenas\u00bb<\/p>\n<p><strong>Soy p\u00e9sima:<\/strong> Imaginando c\u00f3mo quedar\u00e1. \u00a1Necesito verlo en su sitio para saber si algo me gusta!<\/p>\n<p><strong>A una isla desierta me llevar\u00eda:<\/strong> Un avi\u00f3n bien cargado de combustible, \u00a1claro!<\/p>\n<p><strong>Mi color preferido: <\/strong>\u00bfQu\u00e9 clase de chorrada es esta?<\/p>\n<p><strong>Siempre he cre\u00eddo que era un topicazo y resulta que es verdad: <\/strong>La frase \u00abcuando seas madre lo entender\u00e1s\u00bb<\/p>\n<!-- AddThis Advanced Settings generic via filter on the_content --><!-- AddThis Share Buttons generic via filter on the_content -->","protected":false},"excerpt":{"rendered":"<p>Me llamo Ainhoa, soy periodista, esposa, mam\u00e1, socia de la Real Sociedad y si est\u00e1s leyendo esto, es que por f\u00edn me he animado a pasar un blog del estado \u2018borrador\u2019 a \u2018publicado\u2019 y puedo a\u00f1adir a esta ristra la palabra \u2018bloguera\u2019. Acostumbro a escribir a diario aunque nunca sobre m\u00ed, \u00a1me causa un pudor [&hellip;]<!-- AddThis Advanced Settings generic via filter on get_the_excerpt --><!-- AddThis Share Buttons generic via filter on get_the_excerpt --><\/p>\n","protected":false},"author":74,"featured_media":0,"parent":0,"menu_order":0,"comment_status":"open","ping_status":"closed","template":"","meta":[],"_links":{"self":[{"href":"https:\/\/blogs.diariovasco.com\/hijo-toqueyo-mama\/wp-json\/wp\/v2\/pages\/14"}],"collection":[{"href":"https:\/\/blogs.diariovasco.com\/hijo-toqueyo-mama\/wp-json\/wp\/v2\/pages"}],"about":[{"href":"https:\/\/blogs.diariovasco.com\/hijo-toqueyo-mama\/wp-json\/wp\/v2\/types\/page"}],"author":[{"embeddable":true,"href":"https:\/\/blogs.diariovasco.com\/hijo-toqueyo-mama\/wp-json\/wp\/v2\/users\/74"}],"replies":[{"embeddable":true,"href":"https:\/\/blogs.diariovasco.com\/hijo-toqueyo-mama\/wp-json\/wp\/v2\/comments?post=14"}],"version-history":[{"count":0,"href":"https:\/\/blogs.diariovasco.com\/hijo-toqueyo-mama\/wp-json\/wp\/v2\/pages\/14\/revisions"}],"wp:attachment":[{"href":"https:\/\/blogs.diariovasco.com\/hijo-toqueyo-mama\/wp-json\/wp\/v2\/media?parent=14"}],"curies":[{"name":"wp","href":"https:\/\/api.w.org\/{rel}","templated":true}]}}