{"id":56,"date":"2013-06-27T16:42:47","date_gmt":"2013-06-27T14:42:47","guid":{"rendered":"http:\/\/blogs.diariovasco.com\/lacasadecora\/?page_id=56"},"modified":"2013-06-27T16:42:47","modified_gmt":"2013-06-27T14:42:47","slug":"ion-martinez","status":"publish","type":"page","link":"https:\/\/blogs.diariovasco.com\/lacasadecora\/ion-martinez\/","title":{"rendered":"Ion Mart\u00ednez"},"content":{"rendered":"<p><a title=\"Ion Mart\u00ednez\" href=\"\/lacasadecora\/wp-content\/uploads\/sites\/59\/2013\/06\/ion.jpg\"><img loading=\"lazy\" class=\"alignleft size-full wp-image-55\" style=\"margin: 8px; border: 2px solid black;\" title=\"ion\" src=\"\/lacasadecora\/wp-content\/uploads\/sites\/59\/2013\/06\/ion.jpg\" alt=\"\" width=\"171\" height=\"272\" \/><\/a><\/p>\n<p>&nbsp;<\/p>\n<p>Desde 2007, <strong>trabajo como periodista en diariovasco.com y aporto mi granito de arena a este blog<\/strong> desde su nacimiento. Como persona chapucera, que no &#8216;chapuzas&#8217;, que soy, intentar\u00e9 ofrecer mis trucos para que veais que uno puede conseguir una buena decoraci\u00f3n, a pesar de ser un manazas, si se le echa un poco de imaginaci\u00f3n al asunto.<\/p>\n<p>Adem\u00e1s de e-periodista, soy m\u00fasico aficionado, artista frustrado, viajero cuando me dejan, deportista con fatiga cr\u00f3nica, a ratos un culo inquieto, a ratos un oso perezoso&#8230;un renacentista del siglo XXI, vamos.<\/p>\n<!-- AddThis Advanced Settings generic via filter on the_content --><!-- AddThis Share Buttons generic via filter on the_content -->","protected":false},"excerpt":{"rendered":"<p>&nbsp; Desde 2007, trabajo como periodista en diariovasco.com y aporto mi granito de arena a este blog desde su nacimiento. Como persona chapucera, que no &#8216;chapuzas&#8217;, que soy, intentar\u00e9 ofrecer mis trucos para que veais que uno puede conseguir una buena decoraci\u00f3n, a pesar de ser un manazas, si se le echa un poco de [&hellip;]<!-- AddThis Advanced Settings generic via filter on get_the_excerpt --><!-- AddThis Share Buttons generic via filter on get_the_excerpt --><\/p>\n","protected":false},"author":74,"featured_media":0,"parent":0,"menu_order":0,"comment_status":"open","ping_status":"closed","template":"","meta":[],"_links":{"self":[{"href":"https:\/\/blogs.diariovasco.com\/lacasadecora\/wp-json\/wp\/v2\/pages\/56"}],"collection":[{"href":"https:\/\/blogs.diariovasco.com\/lacasadecora\/wp-json\/wp\/v2\/pages"}],"about":[{"href":"https:\/\/blogs.diariovasco.com\/lacasadecora\/wp-json\/wp\/v2\/types\/page"}],"author":[{"embeddable":true,"href":"https:\/\/blogs.diariovasco.com\/lacasadecora\/wp-json\/wp\/v2\/users\/74"}],"replies":[{"embeddable":true,"href":"https:\/\/blogs.diariovasco.com\/lacasadecora\/wp-json\/wp\/v2\/comments?post=56"}],"version-history":[{"count":0,"href":"https:\/\/blogs.diariovasco.com\/lacasadecora\/wp-json\/wp\/v2\/pages\/56\/revisions"}],"wp:attachment":[{"href":"https:\/\/blogs.diariovasco.com\/lacasadecora\/wp-json\/wp\/v2\/media?parent=56"}],"curies":[{"name":"wp","href":"https:\/\/api.w.org\/{rel}","templated":true}]}}