{"id":22,"date":"2013-01-14T15:12:39","date_gmt":"2013-01-14T15:12:39","guid":{"rendered":"http:\/\/blogs.vocento.com\/sin-fronteras\/?page_id=22"},"modified":"2013-01-14T15:12:39","modified_gmt":"2013-01-14T15:12:39","slug":"sobre-este-blog","status":"publish","type":"page","link":"https:\/\/blogs.diariovasco.com\/sin-fronteras\/sobre-este-blog\/","title":{"rendered":"Sobre este blog"},"content":{"rendered":"<p>&#8216;Sin fronteras&#8217; trata de brindar al lector una visi\u00f3n \u2013an\u00e1lisis y contexto\u2014 de\u00a0 la informaci\u00f3n internacional desde una perspectiva que le facilite una mejor comprensi\u00f3n cr\u00edtica. Una mirada sin fronteras y sin prejuicios ideol\u00f3gicos \u2013al menos conscientes\u2013 a una actualidad del mundo cada d\u00eda m\u00e1s interconectada con nuestra realidad cotidiana.<\/p>\n<!-- AddThis Advanced Settings generic via filter on the_content --><!-- AddThis Share Buttons generic via filter on the_content -->","protected":false},"excerpt":{"rendered":"<p>&#8216;Sin fronteras&#8217; trata de brindar al lector una visi\u00f3n \u2013an\u00e1lisis y contexto\u2014 de\u00a0 la informaci\u00f3n internacional desde una perspectiva que le facilite una mejor comprensi\u00f3n cr\u00edtica. Una mirada sin fronteras y sin prejuicios ideol\u00f3gicos \u2013al menos conscientes\u2013 a una actualidad del mundo cada d\u00eda m\u00e1s interconectada con nuestra realidad cotidiana.<!-- AddThis Advanced Settings generic via filter on get_the_excerpt --><!-- AddThis Share Buttons generic via filter on get_the_excerpt --><\/p>\n","protected":false},"author":190,"featured_media":0,"parent":0,"menu_order":0,"comment_status":"closed","ping_status":"closed","template":"","meta":[],"_links":{"self":[{"href":"https:\/\/blogs.diariovasco.com\/sin-fronteras\/wp-json\/wp\/v2\/pages\/22"}],"collection":[{"href":"https:\/\/blogs.diariovasco.com\/sin-fronteras\/wp-json\/wp\/v2\/pages"}],"about":[{"href":"https:\/\/blogs.diariovasco.com\/sin-fronteras\/wp-json\/wp\/v2\/types\/page"}],"author":[{"embeddable":true,"href":"https:\/\/blogs.diariovasco.com\/sin-fronteras\/wp-json\/wp\/v2\/users\/190"}],"replies":[{"embeddable":true,"href":"https:\/\/blogs.diariovasco.com\/sin-fronteras\/wp-json\/wp\/v2\/comments?post=22"}],"version-history":[{"count":0,"href":"https:\/\/blogs.diariovasco.com\/sin-fronteras\/wp-json\/wp\/v2\/pages\/22\/revisions"}],"wp:attachment":[{"href":"https:\/\/blogs.diariovasco.com\/sin-fronteras\/wp-json\/wp\/v2\/media?parent=22"}],"curies":[{"name":"wp","href":"https:\/\/api.w.org\/{rel}","templated":true}]}}